{"id":2,"date":"2023-09-14T11:27:39","date_gmt":"2023-09-14T11:27:39","guid":{"rendered":"https:\/\/niposushi.com.br\/beiramar\/?page_id=2"},"modified":"2023-11-16T12:49:11","modified_gmt":"2023-11-16T12:49:11","slug":"sample-page","status":"publish","type":"page","link":"https:\/\/niposushi.com.br\/beiramar\/","title":{"rendered":"Nip\u00f4 Beiramar"},"content":{"rendered":"\t\t<div data-elementor-type=\"wp-page\" data-elementor-id=\"2\" class=\"elementor elementor-2\" data-elementor-post-type=\"page\">\n\t\t\t\t<div class=\"elementor-element elementor-element-ffbab1f e-con-full e-flex e-con e-parent\" data-id=\"ffbab1f\" data-element_type=\"container\" data-settings=\"{&quot;background_background&quot;:&quot;classic&quot;}\">\n\t\t\t\t<\/div>\n\t\t<div class=\"elementor-element elementor-element-a51635e e-flex e-con-boxed e-con e-parent\" data-id=\"a51635e\" data-element_type=\"container\" data-settings=\"{&quot;background_background&quot;:&quot;classic&quot;,&quot;animation&quot;:&quot;none&quot;}\">\n\t\t\t\t\t<div class=\"e-con-inner\">\n\t\t<div class=\"elementor-element elementor-element-8513bd3 e-con-full e-flex e-con e-child\" data-id=\"8513bd3\" data-element_type=\"container\" data-settings=\"{&quot;background_background&quot;:&quot;classic&quot;}\">\n\t\t\t\t<div class=\"elementor-element elementor-element-50b750e elementor-invisible elementor-widget elementor-widget-text-editor\" data-id=\"50b750e\" data-element_type=\"widget\" data-settings=\"{&quot;_animation&quot;:&quot;fadeInUp&quot;}\" data-widget_type=\"text-editor.default\">\n\t\t\t\t<div class=\"elementor-widget-container\">\n\t\t\t\t\t\t\t\t\t<p>O Nip\u00f4 \u00e9 um lugar de encontros. Um espa\u00e7o para vivenciar experi\u00eancias marcantes que envolvem os cinco sentidos. Um lugar com uma vibe t\u00e3o boa quanto a comida. Com gente t\u00e3o alegre e colorida quanto os drinques.<\/p><p>Aqui, os #nipolovers s\u00e3o recebidos com os sorrisos da nossa equipe e ao som de boa m\u00fasica. Toda uma atmosfera que criamos juntos com as pessoas que nos prestigiam desde 2012.<\/p><p><strong>Vem fazer parte disso tudo!<\/strong><\/p>\t\t\t\t\t\t\t\t<\/div>\n\t\t\t\t<\/div>\n\t\t\t\t<\/div>\n\t\t\t\t\t<\/div>\n\t\t\t\t<\/div>\n\t\t<div class=\"elementor-element elementor-element-58b4dd8 e-flex e-con-boxed e-con e-parent\" data-id=\"58b4dd8\" data-element_type=\"container\" data-settings=\"{&quot;background_background&quot;:&quot;classic&quot;}\">\n\t\t\t\t\t<div class=\"e-con-inner\">\n\t\t<div class=\"elementor-element elementor-element-515daa9 e-con-full e-flex e-con e-child\" data-id=\"515daa9\" data-element_type=\"container\">\n\t\t\t\t<div class=\"elementor-element elementor-element-688c8cd elementor-align-center elementor-invisible elementor-widget elementor-widget-button\" data-id=\"688c8cd\" data-element_type=\"widget\" data-settings=\"{&quot;_animation&quot;:&quot;fadeInLeft&quot;,&quot;_animation_delay&quot;:200}\" data-widget_type=\"button.default\">\n\t\t\t\t<div class=\"elementor-widget-container\">\n\t\t\t\t\t\t\t\t\t<div class=\"elementor-button-wrapper\">\n\t\t\t\t\t<a class=\"elementor-button elementor-button-link elementor-size-lg\" href=\"https:\/\/go.tagme.com.br\/qrcodenipobeiramar\">\n\t\t\t\t\t\t<span class=\"elementor-button-content-wrapper\">\n\t\t\t\t\t\t\t\t\t<span class=\"elementor-button-text\">ver card\u00e1pio<\/span>\n\t\t\t\t\t<\/span>\n\t\t\t\t\t<\/a>\n\t\t\t\t<\/div>\n\t\t\t\t\t\t\t\t<\/div>\n\t\t\t\t<\/div>\n\t\t\t\t<\/div>\n\t\t<div class=\"elementor-element elementor-element-4a960ee e-con-full e-flex e-con e-child\" data-id=\"4a960ee\" data-element_type=\"container\">\n\t\t\t\t<div class=\"elementor-element elementor-element-1d79e07 animated-slow elementor-invisible elementor-widget elementor-widget-image\" data-id=\"1d79e07\" data-element_type=\"widget\" data-settings=\"{&quot;_animation&quot;:&quot;fadeInRight&quot;,&quot;_animation_delay&quot;:400}\" data-widget_type=\"image.default\">\n\t\t\t\t<div class=\"elementor-widget-container\">\n\t\t\t\t\t\t\t\t\t\t\t\t\t\t\t<img fetchpriority=\"high\" decoding=\"async\" width=\"800\" height=\"595\" src=\"https:\/\/niposushi.com.br\/beiramar\/wp-content\/uploads\/2023\/09\/cardapio-beiramar-2.webp\" class=\"attachment-large size-large wp-image-281\" alt=\"\" srcset=\"https:\/\/niposushi.com.br\/beiramar\/wp-content\/uploads\/2023\/09\/cardapio-beiramar-2.webp 800w, https:\/\/niposushi.com.br\/beiramar\/wp-content\/uploads\/2023\/09\/cardapio-beiramar-2-300x223.webp 300w, https:\/\/niposushi.com.br\/beiramar\/wp-content\/uploads\/2023\/09\/cardapio-beiramar-2-768x571.webp 768w\" sizes=\"(max-width: 800px) 100vw, 800px\" \/>\t\t\t\t\t\t\t\t\t\t\t\t\t\t\t<\/div>\n\t\t\t\t<\/div>\n\t\t\t\t<\/div>\n\t\t\t\t\t<\/div>\n\t\t\t\t<\/div>\n\t\t<div class=\"elementor-element elementor-element-cd4d8be e-flex e-con-boxed e-con e-parent\" data-id=\"cd4d8be\" data-element_type=\"container\">\n\t\t\t\t\t<div class=\"e-con-inner\">\n\t\t\t\t<div class=\"elementor-element elementor-element-63131ad gallery-spacing-custom animated-slow elementor-invisible elementor-widget elementor-widget-image-gallery\" data-id=\"63131ad\" data-element_type=\"widget\" data-settings=\"{&quot;_animation&quot;:&quot;fadeIn&quot;}\" data-widget_type=\"image-gallery.default\">\n\t\t\t\t<div class=\"elementor-widget-container\">\n\t\t\t\t\t\t\t<div class=\"elementor-image-gallery\">\n\t\t\t<div id='gallery-1' class='gallery galleryid-2 gallery-columns-5 gallery-size-medium_large'><figure class='gallery-item'>\n\t\t\t<div class='gallery-icon portrait'>\n\t\t\t\t<a data-elementor-open-lightbox=\"yes\" data-elementor-lightbox-slideshow=\"63131ad\" data-e-action-hash=\"#elementor-action%3Aaction%3Dlightbox%26settings%3DeyJpZCI6MTM2LCJ1cmwiOiJodHRwczpcL1wvbmlwb3N1c2hpLmNvbS5iclwvYmVpcmFtYXJcL3dwLWNvbnRlbnRcL3VwbG9hZHNcLzIwMjNcLzA5XC9NVFMyNzA5LUVkaXRfYWx0YS53ZWJwIiwic2xpZGVzaG93IjoiNjMxMzFhZCJ9\" href='https:\/\/niposushi.com.br\/beiramar\/wp-content\/uploads\/2023\/09\/MTS2709-Edit_alta.webp'><img decoding=\"async\" width=\"768\" height=\"960\" src=\"https:\/\/niposushi.com.br\/beiramar\/wp-content\/uploads\/2023\/09\/MTS2709-Edit_alta-768x960.webp\" class=\"attachment-medium_large size-medium_large\" alt=\"\" srcset=\"https:\/\/niposushi.com.br\/beiramar\/wp-content\/uploads\/2023\/09\/MTS2709-Edit_alta-768x960.webp 768w, https:\/\/niposushi.com.br\/beiramar\/wp-content\/uploads\/2023\/09\/MTS2709-Edit_alta-240x300.webp 240w, https:\/\/niposushi.com.br\/beiramar\/wp-content\/uploads\/2023\/09\/MTS2709-Edit_alta.webp 800w\" sizes=\"(max-width: 768px) 100vw, 768px\" \/><\/a>\n\t\t\t<\/div><\/figure><figure class='gallery-item'>\n\t\t\t<div class='gallery-icon portrait'>\n\t\t\t\t<a data-elementor-open-lightbox=\"yes\" data-elementor-lightbox-slideshow=\"63131ad\" data-e-action-hash=\"#elementor-action%3Aaction%3Dlightbox%26settings%3DeyJpZCI6MTM3LCJ1cmwiOiJodHRwczpcL1wvbmlwb3N1c2hpLmNvbS5iclwvYmVpcmFtYXJcL3dwLWNvbnRlbnRcL3VwbG9hZHNcLzIwMjNcLzA5XC9NVFMyOTA2LUVkaXRfYWx0YS53ZWJwIiwic2xpZGVzaG93IjoiNjMxMzFhZCJ9\" href='https:\/\/niposushi.com.br\/beiramar\/wp-content\/uploads\/2023\/09\/MTS2906-Edit_alta.webp'><img decoding=\"async\" width=\"768\" height=\"960\" src=\"https:\/\/niposushi.com.br\/beiramar\/wp-content\/uploads\/2023\/09\/MTS2906-Edit_alta-768x960.webp\" class=\"attachment-medium_large size-medium_large\" alt=\"\" srcset=\"https:\/\/niposushi.com.br\/beiramar\/wp-content\/uploads\/2023\/09\/MTS2906-Edit_alta-768x960.webp 768w, https:\/\/niposushi.com.br\/beiramar\/wp-content\/uploads\/2023\/09\/MTS2906-Edit_alta-240x300.webp 240w, https:\/\/niposushi.com.br\/beiramar\/wp-content\/uploads\/2023\/09\/MTS2906-Edit_alta.webp 800w\" sizes=\"(max-width: 768px) 100vw, 768px\" \/><\/a>\n\t\t\t<\/div><\/figure><figure class='gallery-item'>\n\t\t\t<div class='gallery-icon portrait'>\n\t\t\t\t<a data-elementor-open-lightbox=\"yes\" data-elementor-lightbox-slideshow=\"63131ad\" data-e-action-hash=\"#elementor-action%3Aaction%3Dlightbox%26settings%3DeyJpZCI6MTM4LCJ1cmwiOiJodHRwczpcL1wvbmlwb3N1c2hpLmNvbS5iclwvYmVpcmFtYXJcL3dwLWNvbnRlbnRcL3VwbG9hZHNcLzIwMjNcLzA5XC9NVFMyOTkzLUVkaXRfYWx0YS53ZWJwIiwic2xpZGVzaG93IjoiNjMxMzFhZCJ9\" href='https:\/\/niposushi.com.br\/beiramar\/wp-content\/uploads\/2023\/09\/MTS2993-Edit_alta.webp'><img loading=\"lazy\" decoding=\"async\" width=\"768\" height=\"960\" src=\"https:\/\/niposushi.com.br\/beiramar\/wp-content\/uploads\/2023\/09\/MTS2993-Edit_alta-768x960.webp\" class=\"attachment-medium_large size-medium_large\" alt=\"\" srcset=\"https:\/\/niposushi.com.br\/beiramar\/wp-content\/uploads\/2023\/09\/MTS2993-Edit_alta-768x960.webp 768w, https:\/\/niposushi.com.br\/beiramar\/wp-content\/uploads\/2023\/09\/MTS2993-Edit_alta-240x300.webp 240w, https:\/\/niposushi.com.br\/beiramar\/wp-content\/uploads\/2023\/09\/MTS2993-Edit_alta.webp 800w\" sizes=\"(max-width: 768px) 100vw, 768px\" \/><\/a>\n\t\t\t<\/div><\/figure><figure class='gallery-item'>\n\t\t\t<div class='gallery-icon portrait'>\n\t\t\t\t<a data-elementor-open-lightbox=\"yes\" data-elementor-lightbox-slideshow=\"63131ad\" data-e-action-hash=\"#elementor-action%3Aaction%3Dlightbox%26settings%3DeyJpZCI6MTM5LCJ1cmwiOiJodHRwczpcL1wvbmlwb3N1c2hpLmNvbS5iclwvYmVpcmFtYXJcL3dwLWNvbnRlbnRcL3VwbG9hZHNcLzIwMjNcLzA5XC9NVFMzMDQ2LUVkaXRfYWx0YS53ZWJwIiwic2xpZGVzaG93IjoiNjMxMzFhZCJ9\" href='https:\/\/niposushi.com.br\/beiramar\/wp-content\/uploads\/2023\/09\/MTS3046-Edit_alta.webp'><img loading=\"lazy\" decoding=\"async\" width=\"768\" height=\"960\" src=\"https:\/\/niposushi.com.br\/beiramar\/wp-content\/uploads\/2023\/09\/MTS3046-Edit_alta-768x960.webp\" class=\"attachment-medium_large size-medium_large\" alt=\"\" srcset=\"https:\/\/niposushi.com.br\/beiramar\/wp-content\/uploads\/2023\/09\/MTS3046-Edit_alta-768x960.webp 768w, https:\/\/niposushi.com.br\/beiramar\/wp-content\/uploads\/2023\/09\/MTS3046-Edit_alta-240x300.webp 240w, https:\/\/niposushi.com.br\/beiramar\/wp-content\/uploads\/2023\/09\/MTS3046-Edit_alta.webp 800w\" sizes=\"(max-width: 768px) 100vw, 768px\" \/><\/a>\n\t\t\t<\/div><\/figure><figure class='gallery-item'>\n\t\t\t<div class='gallery-icon portrait'>\n\t\t\t\t<a data-elementor-open-lightbox=\"yes\" data-elementor-lightbox-slideshow=\"63131ad\" data-e-action-hash=\"#elementor-action%3Aaction%3Dlightbox%26settings%3DeyJpZCI6MTQwLCJ1cmwiOiJodHRwczpcL1wvbmlwb3N1c2hpLmNvbS5iclwvYmVpcmFtYXJcL3dwLWNvbnRlbnRcL3VwbG9hZHNcLzIwMjNcLzA5XC9NVFMzMDYwLUVkaXRfYWx0YS53ZWJwIiwic2xpZGVzaG93IjoiNjMxMzFhZCJ9\" href='https:\/\/niposushi.com.br\/beiramar\/wp-content\/uploads\/2023\/09\/MTS3060-Edit_alta.webp'><img loading=\"lazy\" decoding=\"async\" width=\"768\" height=\"960\" src=\"https:\/\/niposushi.com.br\/beiramar\/wp-content\/uploads\/2023\/09\/MTS3060-Edit_alta-768x960.webp\" class=\"attachment-medium_large size-medium_large\" alt=\"\" srcset=\"https:\/\/niposushi.com.br\/beiramar\/wp-content\/uploads\/2023\/09\/MTS3060-Edit_alta-768x960.webp 768w, https:\/\/niposushi.com.br\/beiramar\/wp-content\/uploads\/2023\/09\/MTS3060-Edit_alta-240x300.webp 240w, https:\/\/niposushi.com.br\/beiramar\/wp-content\/uploads\/2023\/09\/MTS3060-Edit_alta.webp 800w\" sizes=\"(max-width: 768px) 100vw, 768px\" \/><\/a>\n\t\t\t<\/div><\/figure><figure class='gallery-item'>\n\t\t\t<div class='gallery-icon portrait'>\n\t\t\t\t<a data-elementor-open-lightbox=\"yes\" data-elementor-lightbox-slideshow=\"63131ad\" data-e-action-hash=\"#elementor-action%3Aaction%3Dlightbox%26settings%3DeyJpZCI6MTQxLCJ1cmwiOiJodHRwczpcL1wvbmlwb3N1c2hpLmNvbS5iclwvYmVpcmFtYXJcL3dwLWNvbnRlbnRcL3VwbG9hZHNcLzIwMjNcLzA5XC9NVFM0NDAyLUVkaXRfYWx0YS53ZWJwIiwic2xpZGVzaG93IjoiNjMxMzFhZCJ9\" href='https:\/\/niposushi.com.br\/beiramar\/wp-content\/uploads\/2023\/09\/MTS4402-Edit_alta.webp'><img loading=\"lazy\" decoding=\"async\" width=\"768\" height=\"960\" src=\"https:\/\/niposushi.com.br\/beiramar\/wp-content\/uploads\/2023\/09\/MTS4402-Edit_alta-768x960.webp\" class=\"attachment-medium_large size-medium_large\" alt=\"\" srcset=\"https:\/\/niposushi.com.br\/beiramar\/wp-content\/uploads\/2023\/09\/MTS4402-Edit_alta-768x960.webp 768w, https:\/\/niposushi.com.br\/beiramar\/wp-content\/uploads\/2023\/09\/MTS4402-Edit_alta-240x300.webp 240w, https:\/\/niposushi.com.br\/beiramar\/wp-content\/uploads\/2023\/09\/MTS4402-Edit_alta.webp 800w\" sizes=\"(max-width: 768px) 100vw, 768px\" \/><\/a>\n\t\t\t<\/div><\/figure><figure class='gallery-item'>\n\t\t\t<div class='gallery-icon portrait'>\n\t\t\t\t<a data-elementor-open-lightbox=\"yes\" data-elementor-lightbox-slideshow=\"63131ad\" data-e-action-hash=\"#elementor-action%3Aaction%3Dlightbox%26settings%3DeyJpZCI6MTQyLCJ1cmwiOiJodHRwczpcL1wvbmlwb3N1c2hpLmNvbS5iclwvYmVpcmFtYXJcL3dwLWNvbnRlbnRcL3VwbG9hZHNcLzIwMjNcLzA5XC9NVFM0NDE1X2FsdGEud2VicCIsInNsaWRlc2hvdyI6IjYzMTMxYWQifQ%3D%3D\" href='https:\/\/niposushi.com.br\/beiramar\/wp-content\/uploads\/2023\/09\/MTS4415_alta.webp'><img loading=\"lazy\" decoding=\"async\" width=\"768\" height=\"960\" src=\"https:\/\/niposushi.com.br\/beiramar\/wp-content\/uploads\/2023\/09\/MTS4415_alta-768x960.webp\" class=\"attachment-medium_large size-medium_large\" alt=\"\" srcset=\"https:\/\/niposushi.com.br\/beiramar\/wp-content\/uploads\/2023\/09\/MTS4415_alta-768x960.webp 768w, https:\/\/niposushi.com.br\/beiramar\/wp-content\/uploads\/2023\/09\/MTS4415_alta-240x300.webp 240w, https:\/\/niposushi.com.br\/beiramar\/wp-content\/uploads\/2023\/09\/MTS4415_alta.webp 800w\" sizes=\"(max-width: 768px) 100vw, 768px\" \/><\/a>\n\t\t\t<\/div><\/figure><figure class='gallery-item'>\n\t\t\t<div class='gallery-icon portrait'>\n\t\t\t\t<a data-elementor-open-lightbox=\"yes\" data-elementor-lightbox-slideshow=\"63131ad\" data-e-action-hash=\"#elementor-action%3Aaction%3Dlightbox%26settings%3DeyJpZCI6MTQzLCJ1cmwiOiJodHRwczpcL1wvbmlwb3N1c2hpLmNvbS5iclwvYmVpcmFtYXJcL3dwLWNvbnRlbnRcL3VwbG9hZHNcLzIwMjNcLzA5XC9NVFM0NTkzLUVkaXRfYWx0YS53ZWJwIiwic2xpZGVzaG93IjoiNjMxMzFhZCJ9\" href='https:\/\/niposushi.com.br\/beiramar\/wp-content\/uploads\/2023\/09\/MTS4593-Edit_alta.webp'><img loading=\"lazy\" decoding=\"async\" width=\"768\" height=\"960\" src=\"https:\/\/niposushi.com.br\/beiramar\/wp-content\/uploads\/2023\/09\/MTS4593-Edit_alta-768x960.webp\" class=\"attachment-medium_large size-medium_large\" alt=\"\" srcset=\"https:\/\/niposushi.com.br\/beiramar\/wp-content\/uploads\/2023\/09\/MTS4593-Edit_alta-768x960.webp 768w, https:\/\/niposushi.com.br\/beiramar\/wp-content\/uploads\/2023\/09\/MTS4593-Edit_alta-240x300.webp 240w, https:\/\/niposushi.com.br\/beiramar\/wp-content\/uploads\/2023\/09\/MTS4593-Edit_alta.webp 800w\" sizes=\"(max-width: 768px) 100vw, 768px\" \/><\/a>\n\t\t\t<\/div><\/figure><figure class='gallery-item'>\n\t\t\t<div class='gallery-icon portrait'>\n\t\t\t\t<a data-elementor-open-lightbox=\"yes\" data-elementor-lightbox-slideshow=\"63131ad\" data-e-action-hash=\"#elementor-action%3Aaction%3Dlightbox%26settings%3DeyJpZCI6MTQ3LCJ1cmwiOiJodHRwczpcL1wvbmlwb3N1c2hpLmNvbS5iclwvYmVpcmFtYXJcL3dwLWNvbnRlbnRcL3VwbG9hZHNcLzIwMjNcLzA5XC9OSVBPLTM3MDctMS53ZWJwIiwic2xpZGVzaG93IjoiNjMxMzFhZCJ9\" href='https:\/\/niposushi.com.br\/beiramar\/wp-content\/uploads\/2023\/09\/NIPO-3707-1.webp'><img loading=\"lazy\" decoding=\"async\" width=\"768\" height=\"960\" src=\"https:\/\/niposushi.com.br\/beiramar\/wp-content\/uploads\/2023\/09\/NIPO-3707-1-768x960.webp\" class=\"attachment-medium_large size-medium_large\" alt=\"\" srcset=\"https:\/\/niposushi.com.br\/beiramar\/wp-content\/uploads\/2023\/09\/NIPO-3707-1-768x960.webp 768w, https:\/\/niposushi.com.br\/beiramar\/wp-content\/uploads\/2023\/09\/NIPO-3707-1-240x300.webp 240w, https:\/\/niposushi.com.br\/beiramar\/wp-content\/uploads\/2023\/09\/NIPO-3707-1.webp 800w\" sizes=\"(max-width: 768px) 100vw, 768px\" \/><\/a>\n\t\t\t<\/div><\/figure><figure class='gallery-item'>\n\t\t\t<div class='gallery-icon portrait'>\n\t\t\t\t<a data-elementor-open-lightbox=\"yes\" data-elementor-lightbox-slideshow=\"63131ad\" data-e-action-hash=\"#elementor-action%3Aaction%3Dlightbox%26settings%3DeyJpZCI6MTQ4LCJ1cmwiOiJodHRwczpcL1wvbmlwb3N1c2hpLmNvbS5iclwvYmVpcmFtYXJcL3dwLWNvbnRlbnRcL3VwbG9hZHNcLzIwMjNcLzA5XC9OSVBPLTM4NDUtMS53ZWJwIiwic2xpZGVzaG93IjoiNjMxMzFhZCJ9\" href='https:\/\/niposushi.com.br\/beiramar\/wp-content\/uploads\/2023\/09\/NIPO-3845-1.webp'><img loading=\"lazy\" decoding=\"async\" width=\"768\" height=\"960\" src=\"https:\/\/niposushi.com.br\/beiramar\/wp-content\/uploads\/2023\/09\/NIPO-3845-1-768x960.webp\" class=\"attachment-medium_large size-medium_large\" alt=\"\" srcset=\"https:\/\/niposushi.com.br\/beiramar\/wp-content\/uploads\/2023\/09\/NIPO-3845-1-768x960.webp 768w, https:\/\/niposushi.com.br\/beiramar\/wp-content\/uploads\/2023\/09\/NIPO-3845-1-240x300.webp 240w, https:\/\/niposushi.com.br\/beiramar\/wp-content\/uploads\/2023\/09\/NIPO-3845-1.webp 800w\" sizes=\"(max-width: 768px) 100vw, 768px\" \/><\/a>\n\t\t\t<\/div><\/figure>\n\t\t<\/div>\n\t\t<\/div>\n\t\t\t\t\t\t<\/div>\n\t\t\t\t<\/div>\n\t\t\t\t\t<\/div>\n\t\t\t\t<\/div>\n\t\t\t\t<\/div>\n\t\t","protected":false},"excerpt":{"rendered":"<p>O Nip\u00f4 \u00e9 um lugar de encontros. Um espa\u00e7o para vivenciar experi\u00eancias marcantes que envolvem os cinco sentidos. Um lugar com uma vibe t\u00e3o boa quanto a comida. Com gente t\u00e3o alegre e colorida quanto os drinques. Aqui, os #nipolovers s\u00e3o recebidos com os sorrisos da nossa equipe e ao som de boa m\u00fasica. Toda [&hellip;]<\/p>\n","protected":false},"author":2,"featured_media":0,"parent":0,"menu_order":0,"comment_status":"closed","ping_status":"open","template":"","meta":{"footnotes":""},"class_list":["post-2","page","type-page","status-publish","hentry"],"_links":{"self":[{"href":"https:\/\/niposushi.com.br\/beiramar\/wp-json\/wp\/v2\/pages\/2","targetHints":{"allow":["GET"]}}],"collection":[{"href":"https:\/\/niposushi.com.br\/beiramar\/wp-json\/wp\/v2\/pages"}],"about":[{"href":"https:\/\/niposushi.com.br\/beiramar\/wp-json\/wp\/v2\/types\/page"}],"author":[{"embeddable":true,"href":"https:\/\/niposushi.com.br\/beiramar\/wp-json\/wp\/v2\/users\/2"}],"replies":[{"embeddable":true,"href":"https:\/\/niposushi.com.br\/beiramar\/wp-json\/wp\/v2\/comments?post=2"}],"version-history":[{"count":87,"href":"https:\/\/niposushi.com.br\/beiramar\/wp-json\/wp\/v2\/pages\/2\/revisions"}],"predecessor-version":[{"id":428,"href":"https:\/\/niposushi.com.br\/beiramar\/wp-json\/wp\/v2\/pages\/2\/revisions\/428"}],"wp:attachment":[{"href":"https:\/\/niposushi.com.br\/beiramar\/wp-json\/wp\/v2\/media?parent=2"}],"curies":[{"name":"wp","href":"https:\/\/api.w.org\/{rel}","templated":true}]}}