{"id":41,"date":"2023-09-14T12:55:38","date_gmt":"2023-09-14T12:55:38","guid":{"rendered":"https:\/\/niposushi.com.br\/beiramar\/?page_id=41"},"modified":"2023-11-16T12:55:51","modified_gmt":"2023-11-16T12:55:51","slug":"sobre","status":"publish","type":"page","link":"https:\/\/niposushi.com.br\/beiramar\/sobre\/","title":{"rendered":"Sobre"},"content":{"rendered":"\t\t<div data-elementor-type=\"wp-page\" data-elementor-id=\"41\" class=\"elementor elementor-41\" data-elementor-post-type=\"page\">\n\t\t\t\t<div class=\"elementor-element elementor-element-d0c37fb e-con-full e-flex e-con e-parent\" data-id=\"d0c37fb\" data-element_type=\"container\" data-settings=\"{&quot;background_background&quot;:&quot;classic&quot;}\">\n\t\t\t\t<div class=\"elementor-element elementor-element-e89c2a6 elementor-widget elementor-widget-heading\" data-id=\"e89c2a6\" data-element_type=\"widget\" data-widget_type=\"heading.default\">\n\t\t\t\t<div class=\"elementor-widget-container\">\n\t\t\t\t\t<h2 class=\"elementor-heading-title elementor-size-default\">SOBRE<\/h2>\t\t\t\t<\/div>\n\t\t\t\t<\/div>\n\t\t\t\t<\/div>\n\t\t<div class=\"elementor-element elementor-element-93fc9de e-flex e-con-boxed e-con e-parent\" data-id=\"93fc9de\" data-element_type=\"container\" data-settings=\"{&quot;background_background&quot;:&quot;classic&quot;}\">\n\t\t\t\t\t<div class=\"e-con-inner\">\n\t\t<div class=\"elementor-element elementor-element-43c5f89 e-con-full e-flex e-con e-child\" data-id=\"43c5f89\" data-element_type=\"container\" data-settings=\"{&quot;background_background&quot;:&quot;classic&quot;}\">\n\t\t\t\t<div class=\"elementor-element elementor-element-b529c5c animated-slow elementor-invisible elementor-widget elementor-widget-text-editor\" data-id=\"b529c5c\" data-element_type=\"widget\" data-settings=\"{&quot;_animation&quot;:&quot;fadeInUp&quot;}\" data-widget_type=\"text-editor.default\">\n\t\t\t\t<div class=\"elementor-widget-container\">\n\t\t\t\t\t\t\t\t\t<p>O Nip\u00f4 \u00e9 um lugar de encontros. Um espa\u00e7o para vivenciar experi\u00eancias marcantes que envolvem os cinco sentidos. Um lugar com uma vibe t\u00e3o boa quanto a comida. Com gente t\u00e3o alegre e colorida quanto os drinques. Aqui, os #nipolovers s\u00e3o recebidos com os sorrisos da nossa equipe e ao som de boa m\u00fasica. Toda uma atmosfera que criamos juntos com as pessoas que nos prestigiam desde 2012.<\/p><p><strong>Vem fazer parte disso tudo!<\/strong><\/p>\t\t\t\t\t\t\t\t<\/div>\n\t\t\t\t<\/div>\n\t\t\t\t<\/div>\n\t\t\t\t\t<\/div>\n\t\t\t\t<\/div>\n\t\t<div class=\"elementor-element elementor-element-dd39ad8 e-con-full e-flex e-con e-parent\" data-id=\"dd39ad8\" data-element_type=\"container\">\n\t\t\t\t<div class=\"elementor-element elementor-element-3b500a5 elementor-widget elementor-widget-gallery\" data-id=\"3b500a5\" data-element_type=\"widget\" data-settings=\"{&quot;gallery_layout&quot;:&quot;justified&quot;,&quot;ideal_row_height&quot;:{&quot;unit&quot;:&quot;px&quot;,&quot;size&quot;:600,&quot;sizes&quot;:[]},&quot;ideal_row_height_mobile&quot;:{&quot;unit&quot;:&quot;px&quot;,&quot;size&quot;:500,&quot;sizes&quot;:[]},&quot;lazyload&quot;:&quot;yes&quot;,&quot;ideal_row_height_tablet&quot;:{&quot;unit&quot;:&quot;px&quot;,&quot;size&quot;:150,&quot;sizes&quot;:[]},&quot;gap&quot;:{&quot;unit&quot;:&quot;px&quot;,&quot;size&quot;:10,&quot;sizes&quot;:[]},&quot;gap_tablet&quot;:{&quot;unit&quot;:&quot;px&quot;,&quot;size&quot;:10,&quot;sizes&quot;:[]},&quot;gap_mobile&quot;:{&quot;unit&quot;:&quot;px&quot;,&quot;size&quot;:10,&quot;sizes&quot;:[]},&quot;link_to&quot;:&quot;file&quot;,&quot;overlay_background&quot;:&quot;yes&quot;,&quot;content_hover_animation&quot;:&quot;fade-in&quot;}\" data-widget_type=\"gallery.default\">\n\t\t\t\t<div class=\"elementor-widget-container\">\n\t\t\t\t\t\t\t<div class=\"elementor-gallery__container\">\n\t\t\t\t\t\t\t<a class=\"e-gallery-item elementor-gallery-item elementor-animated-content\" href=\"https:\/\/niposushi.com.br\/beiramar\/wp-content\/uploads\/2023\/11\/B3A5077.webp\" data-elementor-open-lightbox=\"yes\" data-elementor-lightbox-slideshow=\"3b500a5\" data-e-action-hash=\"#elementor-action%3Aaction%3Dlightbox%26settings%3DeyJpZCI6NDA1LCJ1cmwiOiJodHRwczpcL1wvbmlwb3N1c2hpLmNvbS5iclwvYmVpcmFtYXJcL3dwLWNvbnRlbnRcL3VwbG9hZHNcLzIwMjNcLzExXC9CM0E1MDc3LndlYnAiLCJzbGlkZXNob3ciOiIzYjUwMGE1In0%3D\">\n\t\t\t\t\t<div class=\"e-gallery-image elementor-gallery-item__image\" data-thumbnail=\"https:\/\/niposushi.com.br\/beiramar\/wp-content\/uploads\/2023\/11\/B3A5077-768x512.webp\" data-width=\"768\" data-height=\"512\" aria-label=\"\" role=\"img\" ><\/div>\n\t\t\t\t\t\t\t\t\t\t\t<div class=\"elementor-gallery-item__overlay\"><\/div>\n\t\t\t\t\t\t\t\t\t\t\t\t\t\t<\/a>\n\t\t\t\t\t\t\t<a class=\"e-gallery-item elementor-gallery-item elementor-animated-content\" href=\"https:\/\/niposushi.com.br\/beiramar\/wp-content\/uploads\/2023\/11\/B3A5086-scaled.webp\" data-elementor-open-lightbox=\"yes\" data-elementor-lightbox-slideshow=\"3b500a5\" data-e-action-hash=\"#elementor-action%3Aaction%3Dlightbox%26settings%3DeyJpZCI6NDA2LCJ1cmwiOiJodHRwczpcL1wvbmlwb3N1c2hpLmNvbS5iclwvYmVpcmFtYXJcL3dwLWNvbnRlbnRcL3VwbG9hZHNcLzIwMjNcLzExXC9CM0E1MDg2LXNjYWxlZC53ZWJwIiwic2xpZGVzaG93IjoiM2I1MDBhNSJ9\">\n\t\t\t\t\t<div class=\"e-gallery-image elementor-gallery-item__image\" data-thumbnail=\"https:\/\/niposushi.com.br\/beiramar\/wp-content\/uploads\/2023\/11\/B3A5086-768x1152.webp\" data-width=\"768\" data-height=\"1152\" aria-label=\"\" role=\"img\" ><\/div>\n\t\t\t\t\t\t\t\t\t\t\t<div class=\"elementor-gallery-item__overlay\"><\/div>\n\t\t\t\t\t\t\t\t\t\t\t\t\t\t<\/a>\n\t\t\t\t\t\t\t<a class=\"e-gallery-item elementor-gallery-item elementor-animated-content\" href=\"https:\/\/niposushi.com.br\/beiramar\/wp-content\/uploads\/2023\/11\/B3A5110-scaled.webp\" data-elementor-open-lightbox=\"yes\" data-elementor-lightbox-slideshow=\"3b500a5\" data-e-action-hash=\"#elementor-action%3Aaction%3Dlightbox%26settings%3DeyJpZCI6NDA4LCJ1cmwiOiJodHRwczpcL1wvbmlwb3N1c2hpLmNvbS5iclwvYmVpcmFtYXJcL3dwLWNvbnRlbnRcL3VwbG9hZHNcLzIwMjNcLzExXC9CM0E1MTEwLXNjYWxlZC53ZWJwIiwic2xpZGVzaG93IjoiM2I1MDBhNSJ9\">\n\t\t\t\t\t<div class=\"e-gallery-image elementor-gallery-item__image\" data-thumbnail=\"https:\/\/niposushi.com.br\/beiramar\/wp-content\/uploads\/2023\/11\/B3A5110-768x1152.webp\" data-width=\"768\" data-height=\"1152\" aria-label=\"\" role=\"img\" ><\/div>\n\t\t\t\t\t\t\t\t\t\t\t<div class=\"elementor-gallery-item__overlay\"><\/div>\n\t\t\t\t\t\t\t\t\t\t\t\t\t\t<\/a>\n\t\t\t\t\t\t\t<a class=\"e-gallery-item elementor-gallery-item elementor-animated-content\" href=\"https:\/\/niposushi.com.br\/beiramar\/wp-content\/uploads\/2023\/11\/B3A5117.webp\" data-elementor-open-lightbox=\"yes\" data-elementor-lightbox-slideshow=\"3b500a5\" data-e-action-hash=\"#elementor-action%3Aaction%3Dlightbox%26settings%3DeyJpZCI6NDA5LCJ1cmwiOiJodHRwczpcL1wvbmlwb3N1c2hpLmNvbS5iclwvYmVpcmFtYXJcL3dwLWNvbnRlbnRcL3VwbG9hZHNcLzIwMjNcLzExXC9CM0E1MTE3LndlYnAiLCJzbGlkZXNob3ciOiIzYjUwMGE1In0%3D\">\n\t\t\t\t\t<div class=\"e-gallery-image elementor-gallery-item__image\" data-thumbnail=\"https:\/\/niposushi.com.br\/beiramar\/wp-content\/uploads\/2023\/11\/B3A5117-768x589.webp\" data-width=\"768\" data-height=\"589\" aria-label=\"\" role=\"img\" ><\/div>\n\t\t\t\t\t\t\t\t\t\t\t<div class=\"elementor-gallery-item__overlay\"><\/div>\n\t\t\t\t\t\t\t\t\t\t\t\t\t\t<\/a>\n\t\t\t\t\t\t\t<a class=\"e-gallery-item elementor-gallery-item elementor-animated-content\" href=\"https:\/\/niposushi.com.br\/beiramar\/wp-content\/uploads\/2023\/11\/B3A5129-scaled.webp\" data-elementor-open-lightbox=\"yes\" data-elementor-lightbox-slideshow=\"3b500a5\" data-e-action-hash=\"#elementor-action%3Aaction%3Dlightbox%26settings%3DeyJpZCI6NDEwLCJ1cmwiOiJodHRwczpcL1wvbmlwb3N1c2hpLmNvbS5iclwvYmVpcmFtYXJcL3dwLWNvbnRlbnRcL3VwbG9hZHNcLzIwMjNcLzExXC9CM0E1MTI5LXNjYWxlZC53ZWJwIiwic2xpZGVzaG93IjoiM2I1MDBhNSJ9\">\n\t\t\t\t\t<div class=\"e-gallery-image elementor-gallery-item__image\" data-thumbnail=\"https:\/\/niposushi.com.br\/beiramar\/wp-content\/uploads\/2023\/11\/B3A5129-768x1153.webp\" data-width=\"768\" data-height=\"1153\" aria-label=\"\" role=\"img\" ><\/div>\n\t\t\t\t\t\t\t\t\t\t\t<div class=\"elementor-gallery-item__overlay\"><\/div>\n\t\t\t\t\t\t\t\t\t\t\t\t\t\t<\/a>\n\t\t\t\t\t\t\t<a class=\"e-gallery-item elementor-gallery-item elementor-animated-content\" href=\"https:\/\/niposushi.com.br\/beiramar\/wp-content\/uploads\/2023\/11\/B3A5135-scaled.webp\" data-elementor-open-lightbox=\"yes\" data-elementor-lightbox-slideshow=\"3b500a5\" data-e-action-hash=\"#elementor-action%3Aaction%3Dlightbox%26settings%3DeyJpZCI6NDExLCJ1cmwiOiJodHRwczpcL1wvbmlwb3N1c2hpLmNvbS5iclwvYmVpcmFtYXJcL3dwLWNvbnRlbnRcL3VwbG9hZHNcLzIwMjNcLzExXC9CM0E1MTM1LXNjYWxlZC53ZWJwIiwic2xpZGVzaG93IjoiM2I1MDBhNSJ9\">\n\t\t\t\t\t<div class=\"e-gallery-image elementor-gallery-item__image\" data-thumbnail=\"https:\/\/niposushi.com.br\/beiramar\/wp-content\/uploads\/2023\/11\/B3A5135-768x1152.webp\" data-width=\"768\" data-height=\"1152\" aria-label=\"\" role=\"img\" ><\/div>\n\t\t\t\t\t\t\t\t\t\t\t<div class=\"elementor-gallery-item__overlay\"><\/div>\n\t\t\t\t\t\t\t\t\t\t\t\t\t\t<\/a>\n\t\t\t\t\t\t\t<a class=\"e-gallery-item elementor-gallery-item elementor-animated-content\" href=\"https:\/\/niposushi.com.br\/beiramar\/wp-content\/uploads\/2023\/11\/B3A6509.webp\" data-elementor-open-lightbox=\"yes\" data-elementor-lightbox-slideshow=\"3b500a5\" data-e-action-hash=\"#elementor-action%3Aaction%3Dlightbox%26settings%3DeyJpZCI6NDEyLCJ1cmwiOiJodHRwczpcL1wvbmlwb3N1c2hpLmNvbS5iclwvYmVpcmFtYXJcL3dwLWNvbnRlbnRcL3VwbG9hZHNcLzIwMjNcLzExXC9CM0E2NTA5LndlYnAiLCJzbGlkZXNob3ciOiIzYjUwMGE1In0%3D\">\n\t\t\t\t\t<div class=\"e-gallery-image elementor-gallery-item__image\" data-thumbnail=\"https:\/\/niposushi.com.br\/beiramar\/wp-content\/uploads\/2023\/11\/B3A6509-768x512.webp\" data-width=\"768\" data-height=\"512\" aria-label=\"\" role=\"img\" ><\/div>\n\t\t\t\t\t\t\t\t\t\t\t<div class=\"elementor-gallery-item__overlay\"><\/div>\n\t\t\t\t\t\t\t\t\t\t\t\t\t\t<\/a>\n\t\t\t\t\t\t\t<a class=\"e-gallery-item elementor-gallery-item elementor-animated-content\" href=\"https:\/\/niposushi.com.br\/beiramar\/wp-content\/uploads\/2023\/11\/B3A6512-scaled.webp\" data-elementor-open-lightbox=\"yes\" data-elementor-lightbox-slideshow=\"3b500a5\" data-e-action-hash=\"#elementor-action%3Aaction%3Dlightbox%26settings%3DeyJpZCI6NDEzLCJ1cmwiOiJodHRwczpcL1wvbmlwb3N1c2hpLmNvbS5iclwvYmVpcmFtYXJcL3dwLWNvbnRlbnRcL3VwbG9hZHNcLzIwMjNcLzExXC9CM0E2NTEyLXNjYWxlZC53ZWJwIiwic2xpZGVzaG93IjoiM2I1MDBhNSJ9\">\n\t\t\t\t\t<div class=\"e-gallery-image elementor-gallery-item__image\" data-thumbnail=\"https:\/\/niposushi.com.br\/beiramar\/wp-content\/uploads\/2023\/11\/B3A6512-768x1152.webp\" data-width=\"768\" data-height=\"1152\" aria-label=\"\" role=\"img\" ><\/div>\n\t\t\t\t\t\t\t\t\t\t\t<div class=\"elementor-gallery-item__overlay\"><\/div>\n\t\t\t\t\t\t\t\t\t\t\t\t\t\t<\/a>\n\t\t\t\t\t\t\t<a class=\"e-gallery-item elementor-gallery-item elementor-animated-content\" href=\"https:\/\/niposushi.com.br\/beiramar\/wp-content\/uploads\/2023\/11\/B3A6534-scaled.webp\" data-elementor-open-lightbox=\"yes\" data-elementor-lightbox-slideshow=\"3b500a5\" data-e-action-hash=\"#elementor-action%3Aaction%3Dlightbox%26settings%3DeyJpZCI6NDE0LCJ1cmwiOiJodHRwczpcL1wvbmlwb3N1c2hpLmNvbS5iclwvYmVpcmFtYXJcL3dwLWNvbnRlbnRcL3VwbG9hZHNcLzIwMjNcLzExXC9CM0E2NTM0LXNjYWxlZC53ZWJwIiwic2xpZGVzaG93IjoiM2I1MDBhNSJ9\">\n\t\t\t\t\t<div class=\"e-gallery-image elementor-gallery-item__image\" data-thumbnail=\"https:\/\/niposushi.com.br\/beiramar\/wp-content\/uploads\/2023\/11\/B3A6534-768x1152.webp\" data-width=\"768\" data-height=\"1152\" aria-label=\"\" role=\"img\" ><\/div>\n\t\t\t\t\t\t\t\t\t\t\t<div class=\"elementor-gallery-item__overlay\"><\/div>\n\t\t\t\t\t\t\t\t\t\t\t\t\t\t<\/a>\n\t\t\t\t\t\t\t<a class=\"e-gallery-item elementor-gallery-item elementor-animated-content\" href=\"https:\/\/niposushi.com.br\/beiramar\/wp-content\/uploads\/2023\/11\/B3A6538-scaled.webp\" data-elementor-open-lightbox=\"yes\" data-elementor-lightbox-slideshow=\"3b500a5\" data-e-action-hash=\"#elementor-action%3Aaction%3Dlightbox%26settings%3DeyJpZCI6NDE1LCJ1cmwiOiJodHRwczpcL1wvbmlwb3N1c2hpLmNvbS5iclwvYmVpcmFtYXJcL3dwLWNvbnRlbnRcL3VwbG9hZHNcLzIwMjNcLzExXC9CM0E2NTM4LXNjYWxlZC53ZWJwIiwic2xpZGVzaG93IjoiM2I1MDBhNSJ9\">\n\t\t\t\t\t<div class=\"e-gallery-image elementor-gallery-item__image\" data-thumbnail=\"https:\/\/niposushi.com.br\/beiramar\/wp-content\/uploads\/2023\/11\/B3A6538-768x1152.webp\" data-width=\"768\" data-height=\"1152\" aria-label=\"\" role=\"img\" ><\/div>\n\t\t\t\t\t\t\t\t\t\t\t<div class=\"elementor-gallery-item__overlay\"><\/div>\n\t\t\t\t\t\t\t\t\t\t\t\t\t\t<\/a>\n\t\t\t\t\t\t\t<a class=\"e-gallery-item elementor-gallery-item elementor-animated-content\" href=\"https:\/\/niposushi.com.br\/beiramar\/wp-content\/uploads\/2023\/11\/B3A6546.webp\" data-elementor-open-lightbox=\"yes\" data-elementor-lightbox-slideshow=\"3b500a5\" data-e-action-hash=\"#elementor-action%3Aaction%3Dlightbox%26settings%3DeyJpZCI6NDE2LCJ1cmwiOiJodHRwczpcL1wvbmlwb3N1c2hpLmNvbS5iclwvYmVpcmFtYXJcL3dwLWNvbnRlbnRcL3VwbG9hZHNcLzIwMjNcLzExXC9CM0E2NTQ2LndlYnAiLCJzbGlkZXNob3ciOiIzYjUwMGE1In0%3D\">\n\t\t\t\t\t<div class=\"e-gallery-image elementor-gallery-item__image\" data-thumbnail=\"https:\/\/niposushi.com.br\/beiramar\/wp-content\/uploads\/2023\/11\/B3A6546-768x815.webp\" data-width=\"768\" data-height=\"815\" aria-label=\"\" role=\"img\" ><\/div>\n\t\t\t\t\t\t\t\t\t\t\t<div class=\"elementor-gallery-item__overlay\"><\/div>\n\t\t\t\t\t\t\t\t\t\t\t\t\t\t<\/a>\n\t\t\t\t\t\t\t<a class=\"e-gallery-item elementor-gallery-item elementor-animated-content\" href=\"https:\/\/niposushi.com.br\/beiramar\/wp-content\/uploads\/2023\/11\/B3A6549.webp\" data-elementor-open-lightbox=\"yes\" data-elementor-lightbox-slideshow=\"3b500a5\" data-e-action-hash=\"#elementor-action%3Aaction%3Dlightbox%26settings%3DeyJpZCI6NDE3LCJ1cmwiOiJodHRwczpcL1wvbmlwb3N1c2hpLmNvbS5iclwvYmVpcmFtYXJcL3dwLWNvbnRlbnRcL3VwbG9hZHNcLzIwMjNcLzExXC9CM0E2NTQ5LndlYnAiLCJzbGlkZXNob3ciOiIzYjUwMGE1In0%3D\">\n\t\t\t\t\t<div class=\"e-gallery-image elementor-gallery-item__image\" data-thumbnail=\"https:\/\/niposushi.com.br\/beiramar\/wp-content\/uploads\/2023\/11\/B3A6549-768x490.webp\" data-width=\"768\" data-height=\"490\" aria-label=\"\" role=\"img\" ><\/div>\n\t\t\t\t\t\t\t\t\t\t\t<div class=\"elementor-gallery-item__overlay\"><\/div>\n\t\t\t\t\t\t\t\t\t\t\t\t\t\t<\/a>\n\t\t\t\t\t\t\t<a class=\"e-gallery-item elementor-gallery-item elementor-animated-content\" href=\"https:\/\/niposushi.com.br\/beiramar\/wp-content\/uploads\/2023\/11\/B3A6556.webp\" data-elementor-open-lightbox=\"yes\" data-elementor-lightbox-slideshow=\"3b500a5\" data-e-action-hash=\"#elementor-action%3Aaction%3Dlightbox%26settings%3DeyJpZCI6NDE4LCJ1cmwiOiJodHRwczpcL1wvbmlwb3N1c2hpLmNvbS5iclwvYmVpcmFtYXJcL3dwLWNvbnRlbnRcL3VwbG9hZHNcLzIwMjNcLzExXC9CM0E2NTU2LndlYnAiLCJzbGlkZXNob3ciOiIzYjUwMGE1In0%3D\">\n\t\t\t\t\t<div class=\"e-gallery-image elementor-gallery-item__image\" data-thumbnail=\"https:\/\/niposushi.com.br\/beiramar\/wp-content\/uploads\/2023\/11\/B3A6556-768x512.webp\" data-width=\"768\" data-height=\"512\" aria-label=\"\" role=\"img\" ><\/div>\n\t\t\t\t\t\t\t\t\t\t\t<div class=\"elementor-gallery-item__overlay\"><\/div>\n\t\t\t\t\t\t\t\t\t\t\t\t\t\t<\/a>\n\t\t\t\t\t\t\t<a class=\"e-gallery-item elementor-gallery-item elementor-animated-content\" href=\"https:\/\/niposushi.com.br\/beiramar\/wp-content\/uploads\/2023\/11\/B3A6561.webp\" data-elementor-open-lightbox=\"yes\" data-elementor-lightbox-slideshow=\"3b500a5\" data-e-action-hash=\"#elementor-action%3Aaction%3Dlightbox%26settings%3DeyJpZCI6NDE5LCJ1cmwiOiJodHRwczpcL1wvbmlwb3N1c2hpLmNvbS5iclwvYmVpcmFtYXJcL3dwLWNvbnRlbnRcL3VwbG9hZHNcLzIwMjNcLzExXC9CM0E2NTYxLndlYnAiLCJzbGlkZXNob3ciOiIzYjUwMGE1In0%3D\">\n\t\t\t\t\t<div class=\"e-gallery-image elementor-gallery-item__image\" data-thumbnail=\"https:\/\/niposushi.com.br\/beiramar\/wp-content\/uploads\/2023\/11\/B3A6561-768x512.webp\" data-width=\"768\" data-height=\"512\" aria-label=\"\" role=\"img\" ><\/div>\n\t\t\t\t\t\t\t\t\t\t\t<div class=\"elementor-gallery-item__overlay\"><\/div>\n\t\t\t\t\t\t\t\t\t\t\t\t\t\t<\/a>\n\t\t\t\t\t<\/div>\n\t\t\t\t\t<\/div>\n\t\t\t\t<\/div>\n\t\t\t\t<\/div>\n\t\t\t\t<\/div>\n\t\t","protected":false},"excerpt":{"rendered":"<p>SOBRE O Nip\u00f4 \u00e9 um lugar de encontros. Um espa\u00e7o para vivenciar experi\u00eancias marcantes que envolvem os cinco sentidos. Um lugar com uma vibe t\u00e3o boa quanto a comida. Com gente t\u00e3o alegre e colorida quanto os drinques. Aqui, os #nipolovers s\u00e3o recebidos com os sorrisos da nossa equipe e ao som de boa m\u00fasica. [&hellip;]<\/p>\n","protected":false},"author":2,"featured_media":0,"parent":0,"menu_order":0,"comment_status":"closed","ping_status":"closed","template":"","meta":{"footnotes":""},"class_list":["post-41","page","type-page","status-publish","hentry"],"_links":{"self":[{"href":"https:\/\/niposushi.com.br\/beiramar\/wp-json\/wp\/v2\/pages\/41","targetHints":{"allow":["GET"]}}],"collection":[{"href":"https:\/\/niposushi.com.br\/beiramar\/wp-json\/wp\/v2\/pages"}],"about":[{"href":"https:\/\/niposushi.com.br\/beiramar\/wp-json\/wp\/v2\/types\/page"}],"author":[{"embeddable":true,"href":"https:\/\/niposushi.com.br\/beiramar\/wp-json\/wp\/v2\/users\/2"}],"replies":[{"embeddable":true,"href":"https:\/\/niposushi.com.br\/beiramar\/wp-json\/wp\/v2\/comments?post=41"}],"version-history":[{"count":61,"href":"https:\/\/niposushi.com.br\/beiramar\/wp-json\/wp\/v2\/pages\/41\/revisions"}],"predecessor-version":[{"id":457,"href":"https:\/\/niposushi.com.br\/beiramar\/wp-json\/wp\/v2\/pages\/41\/revisions\/457"}],"wp:attachment":[{"href":"https:\/\/niposushi.com.br\/beiramar\/wp-json\/wp\/v2\/media?parent=41"}],"curies":[{"name":"wp","href":"https:\/\/api.w.org\/{rel}","templated":true}]}}