{"id":47,"date":"2023-09-14T12:58:34","date_gmt":"2023-09-14T12:58:34","guid":{"rendered":"https:\/\/niposushi.com.br\/beiramar\/?page_id=47"},"modified":"2023-11-16T14:35:32","modified_gmt":"2023-11-16T14:35:32","slug":"contato","status":"publish","type":"page","link":"https:\/\/niposushi.com.br\/beiramar\/contato\/","title":{"rendered":"Contato"},"content":{"rendered":"\t\t<div data-elementor-type=\"wp-page\" data-elementor-id=\"47\" class=\"elementor elementor-47\" data-elementor-post-type=\"page\">\n\t\t\t\t<div class=\"elementor-element elementor-element-85b2354 e-con-full e-flex e-con e-parent\" data-id=\"85b2354\" data-element_type=\"container\" data-settings=\"{&quot;background_background&quot;:&quot;classic&quot;}\">\n\t\t\t\t<div class=\"elementor-element elementor-element-929282f elementor-widget elementor-widget-heading\" data-id=\"929282f\" data-element_type=\"widget\" data-widget_type=\"heading.default\">\n\t\t\t\t<div class=\"elementor-widget-container\">\n\t\t\t\t\t<h2 class=\"elementor-heading-title elementor-size-default\">CONTATO<\/h2>\t\t\t\t<\/div>\n\t\t\t\t<\/div>\n\t\t\t\t<\/div>\n\t\t<div class=\"elementor-element elementor-element-b7c7104 e-flex e-con-boxed e-con e-parent\" data-id=\"b7c7104\" data-element_type=\"container\">\n\t\t\t\t\t<div class=\"e-con-inner\">\n\t\t<div class=\"elementor-element elementor-element-3cd4d2f e-con-full e-flex e-con e-child\" data-id=\"3cd4d2f\" data-element_type=\"container\">\n\t\t\t\t<div class=\"elementor-element elementor-element-fca436e elementor-widget elementor-widget-heading\" data-id=\"fca436e\" data-element_type=\"widget\" data-widget_type=\"heading.default\">\n\t\t\t\t<div class=\"elementor-widget-container\">\n\t\t\t\t\t<h2 class=\"elementor-heading-title elementor-size-default\">Localiza\u00e7\u00e3o:<\/h2>\t\t\t\t<\/div>\n\t\t\t\t<\/div>\n\t\t\t\t<div class=\"elementor-element elementor-element-0e26ed9 elementor-widget elementor-widget-text-editor\" data-id=\"0e26ed9\" data-element_type=\"widget\" data-widget_type=\"text-editor.default\">\n\t\t\t\t<div class=\"elementor-widget-container\">\n\t\t\t\t\t\t\t\t\t<p><strong>Shopping Beiramar:<\/strong> Rua Bocai\u00fava, 2468 \u2013 Centro \u2013 Piso L1<\/p><p>48 3039-1130<\/p><p><span style=\"color: #808080;\"><a style=\"color: #808080;\" href=\"mailto:contato@niposushi.com.br\">contato@niposushi.com.br<\/a><\/span><\/p>\t\t\t\t\t\t\t\t<\/div>\n\t\t\t\t<\/div>\n\t\t\t\t<div class=\"elementor-element elementor-element-3ff26b9 elementor-widget-divider--view-line elementor-widget elementor-widget-divider\" data-id=\"3ff26b9\" data-element_type=\"widget\" data-widget_type=\"divider.default\">\n\t\t\t\t<div class=\"elementor-widget-container\">\n\t\t\t\t\t\t\t<div class=\"elementor-divider\">\n\t\t\t<span class=\"elementor-divider-separator\">\n\t\t\t\t\t\t<\/span>\n\t\t<\/div>\n\t\t\t\t\t\t<\/div>\n\t\t\t\t<\/div>\n\t\t\t\t<div class=\"elementor-element elementor-element-97854b4 elementor-widget elementor-widget-heading\" data-id=\"97854b4\" data-element_type=\"widget\" data-widget_type=\"heading.default\">\n\t\t\t\t<div class=\"elementor-widget-container\">\n\t\t\t\t\t<h2 class=\"elementor-heading-title elementor-size-default\">Bar:<\/h2>\t\t\t\t<\/div>\n\t\t\t\t<\/div>\n\t\t\t\t<div class=\"elementor-element elementor-element-79c3f3a elementor-widget elementor-widget-text-editor\" data-id=\"79c3f3a\" data-element_type=\"widget\" data-widget_type=\"text-editor.default\">\n\t\t\t\t<div class=\"elementor-widget-container\">\n\t\t\t\t\t\t\t\t\t<p>Segunda \u00e0 s\u00e1bado: a partir das 18h.<br \/>Domingo: fechado.<\/p>\t\t\t\t\t\t\t\t<\/div>\n\t\t\t\t<\/div>\n\t\t\t\t<div class=\"elementor-element elementor-element-9ce01c6 elementor-widget-divider--view-line elementor-widget elementor-widget-divider\" data-id=\"9ce01c6\" data-element_type=\"widget\" data-widget_type=\"divider.default\">\n\t\t\t\t<div class=\"elementor-widget-container\">\n\t\t\t\t\t\t\t<div class=\"elementor-divider\">\n\t\t\t<span class=\"elementor-divider-separator\">\n\t\t\t\t\t\t<\/span>\n\t\t<\/div>\n\t\t\t\t\t\t<\/div>\n\t\t\t\t<\/div>\n\t\t\t\t<div class=\"elementor-element elementor-element-34a42d6 elementor-widget elementor-widget-heading\" data-id=\"34a42d6\" data-element_type=\"widget\" data-widget_type=\"heading.default\">\n\t\t\t\t<div class=\"elementor-widget-container\">\n\t\t\t\t\t<h2 class=\"elementor-heading-title elementor-size-default\">Restaurante:<\/h2>\t\t\t\t<\/div>\n\t\t\t\t<\/div>\n\t\t\t\t<div class=\"elementor-element elementor-element-31462ef elementor-widget elementor-widget-text-editor\" data-id=\"31462ef\" data-element_type=\"widget\" data-widget_type=\"text-editor.default\">\n\t\t\t\t<div class=\"elementor-widget-container\">\n\t\t\t\t\t\t\t\t\t<p><strong>Almo\u00e7o:<\/strong> <br>Segunda a sexta: 11h30 \u00e0s 15h.<br>S\u00e1bado: 12h \u00e0s 15h30.<br>Domingo: fechado.<\/p>\n<p><strong>Jantar:<\/strong><br>Segunda a quarta: 18h30 \u00e0s 23h.<br>Quinta a s\u00e1bado: 18h30 \u00e0s 23h30.<\/p>\t\t\t\t\t\t\t\t<\/div>\n\t\t\t\t<\/div>\n\t\t\t\t<\/div>\n\t\t<div class=\"elementor-element elementor-element-04be17d e-con-full e-flex e-con e-child\" data-id=\"04be17d\" data-element_type=\"container\">\n\t\t\t\t<div class=\"elementor-element elementor-element-f9ea350 elementor-widget elementor-widget-google_maps\" data-id=\"f9ea350\" data-element_type=\"widget\" data-widget_type=\"google_maps.default\">\n\t\t\t\t<div class=\"elementor-widget-container\">\n\t\t\t\t\t\t\t<div class=\"elementor-custom-embed\">\n\t\t\t<iframe loading=\"lazy\"\n\t\t\t\t\tsrc=\"https:\/\/maps.google.com\/maps?q=nipo%20beiramar&#038;t=m&#038;z=15&#038;output=embed&#038;iwloc=near\"\n\t\t\t\t\ttitle=\"nipo beiramar\"\n\t\t\t\t\taria-label=\"nipo beiramar\"\n\t\t\t><\/iframe>\n\t\t<\/div>\n\t\t\t\t\t\t<\/div>\n\t\t\t\t<\/div>\n\t\t\t\t<\/div>\n\t\t\t\t\t<\/div>\n\t\t\t\t<\/div>\n\t\t\t\t<\/div>\n\t\t","protected":false},"excerpt":{"rendered":"<p>CONTATO Localiza\u00e7\u00e3o: Shopping Beiramar: Rua Bocai\u00fava, 2468 \u2013 Centro \u2013 Piso L1 48 3039-1130 contato@niposushi.com.br Bar: Segunda \u00e0 s\u00e1bado: a partir das 18h.Domingo: fechado. Restaurante: Almo\u00e7o: Segunda a sexta: 11h30 \u00e0s 15h.S\u00e1bado: 12h \u00e0s 15h30.Domingo: fechado. Jantar:Segunda a quarta: 18h30 \u00e0s 23h.Quinta a s\u00e1bado: 18h30 \u00e0s 23h30.<\/p>\n","protected":false},"author":2,"featured_media":0,"parent":0,"menu_order":0,"comment_status":"closed","ping_status":"closed","template":"","meta":{"footnotes":""},"class_list":["post-47","page","type-page","status-publish","hentry"],"_links":{"self":[{"href":"https:\/\/niposushi.com.br\/beiramar\/wp-json\/wp\/v2\/pages\/47","targetHints":{"allow":["GET"]}}],"collection":[{"href":"https:\/\/niposushi.com.br\/beiramar\/wp-json\/wp\/v2\/pages"}],"about":[{"href":"https:\/\/niposushi.com.br\/beiramar\/wp-json\/wp\/v2\/types\/page"}],"author":[{"embeddable":true,"href":"https:\/\/niposushi.com.br\/beiramar\/wp-json\/wp\/v2\/users\/2"}],"replies":[{"embeddable":true,"href":"https:\/\/niposushi.com.br\/beiramar\/wp-json\/wp\/v2\/comments?post=47"}],"version-history":[{"count":22,"href":"https:\/\/niposushi.com.br\/beiramar\/wp-json\/wp\/v2\/pages\/47\/revisions"}],"predecessor-version":[{"id":469,"href":"https:\/\/niposushi.com.br\/beiramar\/wp-json\/wp\/v2\/pages\/47\/revisions\/469"}],"wp:attachment":[{"href":"https:\/\/niposushi.com.br\/beiramar\/wp-json\/wp\/v2\/media?parent=47"}],"curies":[{"name":"wp","href":"https:\/\/api.w.org\/{rel}","templated":true}]}}