{"id":49,"date":"2023-09-14T12:58:59","date_gmt":"2023-09-14T12:58:59","guid":{"rendered":"https:\/\/niposushi.com.br\/beiramar\/?page_id=49"},"modified":"2023-11-16T14:35:28","modified_gmt":"2023-11-16T14:35:28","slug":"delivery","status":"publish","type":"page","link":"https:\/\/niposushi.com.br\/beiramar\/delivery\/","title":{"rendered":"Delivery"},"content":{"rendered":"\t\t<div data-elementor-type=\"wp-page\" data-elementor-id=\"49\" class=\"elementor elementor-49\" data-elementor-post-type=\"page\">\n\t\t\t\t<div class=\"elementor-element elementor-element-2f6c1c1 e-con-full e-flex e-con e-parent\" data-id=\"2f6c1c1\" data-element_type=\"container\" data-settings=\"{&quot;background_background&quot;:&quot;classic&quot;}\">\n\t\t\t\t<div class=\"elementor-element elementor-element-ec64ad4 elementor-widget elementor-widget-heading\" data-id=\"ec64ad4\" data-element_type=\"widget\" data-widget_type=\"heading.default\">\n\t\t\t\t<div class=\"elementor-widget-container\">\n\t\t\t\t\t<h2 class=\"elementor-heading-title elementor-size-default\">DELIVERY<\/h2>\t\t\t\t<\/div>\n\t\t\t\t<\/div>\n\t\t\t\t<\/div>\n\t\t<div class=\"elementor-element elementor-element-c12a32a e-flex e-con-boxed e-con e-parent\" data-id=\"c12a32a\" data-element_type=\"container\" data-settings=\"{&quot;background_background&quot;:&quot;gradient&quot;}\">\n\t\t\t\t\t<div class=\"e-con-inner\">\n\t\t<div class=\"elementor-element elementor-element-dd37d85 e-con-full e-flex e-con e-child\" data-id=\"dd37d85\" data-element_type=\"container\">\n\t\t\t\t<div class=\"elementor-element elementor-element-e705b24 animated-slow elementor-widget__width-initial elementor-invisible elementor-widget elementor-widget-heading\" data-id=\"e705b24\" data-element_type=\"widget\" data-settings=\"{&quot;_animation&quot;:&quot;fadeInLeft&quot;}\" data-widget_type=\"heading.default\">\n\t\t\t\t<div class=\"elementor-widget-container\">\n\t\t\t\t\t<h2 class=\"elementor-heading-title elementor-size-default\">Pe\u00e7a agora o seu sushi predileto!<\/h2>\t\t\t\t<\/div>\n\t\t\t\t<\/div>\n\t\t\t\t<div class=\"elementor-element elementor-element-8d4a400 animated-slow elementor-invisible elementor-widget elementor-widget-text-editor\" data-id=\"8d4a400\" data-element_type=\"widget\" data-settings=\"{&quot;_animation&quot;:&quot;fadeInLeft&quot;,&quot;_animation_delay&quot;:100}\" data-widget_type=\"text-editor.default\">\n\t\t\t\t<div class=\"elementor-widget-container\">\n\t\t\t\t\t\t\t\t\t<p>Atendemos a regi\u00e3o central de Florian\u00f3polis.<br \/><span style=\"color: var( --e-global-color-text ); font-family: var( --e-global-typography-text-font-family ), Sans-serif; font-weight: var( --e-global-typography-text-font-weight ); text-align: var(--text-align); font-size: 1rem;\">Verifique a disponibilidade de entrega pelo App.<\/span><\/p>\t\t\t\t\t\t\t\t<\/div>\n\t\t\t\t<\/div>\n\t\t\t\t<div class=\"elementor-element elementor-element-8e14b49 animated-slow elementor-invisible elementor-widget elementor-widget-button\" data-id=\"8e14b49\" data-element_type=\"widget\" data-settings=\"{&quot;_animation&quot;:&quot;fadeInLeft&quot;,&quot;_animation_delay&quot;:300}\" data-widget_type=\"button.default\">\n\t\t\t\t<div class=\"elementor-widget-container\">\n\t\t\t\t\t\t\t\t\t<div class=\"elementor-button-wrapper\">\n\t\t\t\t\t<a class=\"elementor-button elementor-button-link elementor-size-sm\" href=\"https:\/\/www.ifood.com.br\/delivery\/florianopolis-sc\/nipo-sushi-centro\/d4e33cf5-5a61-40c8-840b-5537e11b721e\" target=\"_blank\">\n\t\t\t\t\t\t<span class=\"elementor-button-content-wrapper\">\n\t\t\t\t\t\t\t\t\t<span class=\"elementor-button-text\">Acesse o Ifood<\/span>\n\t\t\t\t\t<\/span>\n\t\t\t\t\t<\/a>\n\t\t\t\t<\/div>\n\t\t\t\t\t\t\t\t<\/div>\n\t\t\t\t<\/div>\n\t\t\t\t<\/div>\n\t\t<div class=\"elementor-element elementor-element-8feafe5 e-con-full e-flex e-con e-child\" data-id=\"8feafe5\" data-element_type=\"container\">\n\t\t\t\t<div class=\"elementor-element elementor-element-ecae15a animated-slow elementor-invisible elementor-widget elementor-widget-image\" data-id=\"ecae15a\" data-element_type=\"widget\" data-settings=\"{&quot;_animation&quot;:&quot;fadeInRight&quot;}\" data-widget_type=\"image.default\">\n\t\t\t\t<div class=\"elementor-widget-container\">\n\t\t\t\t\t\t\t\t\t\t\t\t\t\t\t<img fetchpriority=\"high\" decoding=\"async\" width=\"623\" height=\"886\" src=\"https:\/\/niposushi.com.br\/beiramar\/wp-content\/uploads\/2023\/09\/ifood-mobile-1.webp\" class=\"attachment-large size-large wp-image-181\" alt=\"\" srcset=\"https:\/\/niposushi.com.br\/beiramar\/wp-content\/uploads\/2023\/09\/ifood-mobile-1.webp 623w, https:\/\/niposushi.com.br\/beiramar\/wp-content\/uploads\/2023\/09\/ifood-mobile-1-211x300.webp 211w\" sizes=\"(max-width: 623px) 100vw, 623px\" \/>\t\t\t\t\t\t\t\t\t\t\t\t\t\t\t<\/div>\n\t\t\t\t<\/div>\n\t\t\t\t<\/div>\n\t\t\t\t\t<\/div>\n\t\t\t\t<\/div>\n\t\t<div class=\"elementor-element elementor-element-39d728c e-flex e-con-boxed e-con e-parent\" data-id=\"39d728c\" data-element_type=\"container\">\n\t\t\t\t\t<div class=\"e-con-inner\">\n\t\t\t\t<div class=\"elementor-element elementor-element-cdad5b5 gallery-spacing-custom animated-slow elementor-invisible elementor-widget elementor-widget-image-gallery\" data-id=\"cdad5b5\" data-element_type=\"widget\" data-settings=\"{&quot;_animation&quot;:&quot;fadeIn&quot;}\" data-widget_type=\"image-gallery.default\">\n\t\t\t\t<div class=\"elementor-widget-container\">\n\t\t\t\t\t\t\t<div class=\"elementor-image-gallery\">\n\t\t\t<div id='gallery-1' class='gallery galleryid-49 gallery-columns-5 gallery-size-medium_large'><figure class='gallery-item'>\n\t\t\t<div class='gallery-icon portrait'>\n\t\t\t\t<a data-elementor-open-lightbox=\"yes\" data-elementor-lightbox-slideshow=\"cdad5b5\" data-e-action-hash=\"#elementor-action%3Aaction%3Dlightbox%26settings%3DeyJpZCI6MTM2LCJ1cmwiOiJodHRwczpcL1wvbmlwb3N1c2hpLmNvbS5iclwvYmVpcmFtYXJcL3dwLWNvbnRlbnRcL3VwbG9hZHNcLzIwMjNcLzA5XC9NVFMyNzA5LUVkaXRfYWx0YS53ZWJwIiwic2xpZGVzaG93IjoiY2RhZDViNSJ9\" href='https:\/\/niposushi.com.br\/beiramar\/wp-content\/uploads\/2023\/09\/MTS2709-Edit_alta.webp'><img decoding=\"async\" width=\"768\" height=\"960\" src=\"https:\/\/niposushi.com.br\/beiramar\/wp-content\/uploads\/2023\/09\/MTS2709-Edit_alta-768x960.webp\" class=\"attachment-medium_large size-medium_large\" alt=\"\" srcset=\"https:\/\/niposushi.com.br\/beiramar\/wp-content\/uploads\/2023\/09\/MTS2709-Edit_alta-768x960.webp 768w, https:\/\/niposushi.com.br\/beiramar\/wp-content\/uploads\/2023\/09\/MTS2709-Edit_alta-240x300.webp 240w, https:\/\/niposushi.com.br\/beiramar\/wp-content\/uploads\/2023\/09\/MTS2709-Edit_alta.webp 800w\" sizes=\"(max-width: 768px) 100vw, 768px\" \/><\/a>\n\t\t\t<\/div><\/figure><figure class='gallery-item'>\n\t\t\t<div class='gallery-icon portrait'>\n\t\t\t\t<a data-elementor-open-lightbox=\"yes\" data-elementor-lightbox-slideshow=\"cdad5b5\" data-e-action-hash=\"#elementor-action%3Aaction%3Dlightbox%26settings%3DeyJpZCI6MTM3LCJ1cmwiOiJodHRwczpcL1wvbmlwb3N1c2hpLmNvbS5iclwvYmVpcmFtYXJcL3dwLWNvbnRlbnRcL3VwbG9hZHNcLzIwMjNcLzA5XC9NVFMyOTA2LUVkaXRfYWx0YS53ZWJwIiwic2xpZGVzaG93IjoiY2RhZDViNSJ9\" href='https:\/\/niposushi.com.br\/beiramar\/wp-content\/uploads\/2023\/09\/MTS2906-Edit_alta.webp'><img decoding=\"async\" width=\"768\" height=\"960\" src=\"https:\/\/niposushi.com.br\/beiramar\/wp-content\/uploads\/2023\/09\/MTS2906-Edit_alta-768x960.webp\" class=\"attachment-medium_large size-medium_large\" alt=\"\" srcset=\"https:\/\/niposushi.com.br\/beiramar\/wp-content\/uploads\/2023\/09\/MTS2906-Edit_alta-768x960.webp 768w, https:\/\/niposushi.com.br\/beiramar\/wp-content\/uploads\/2023\/09\/MTS2906-Edit_alta-240x300.webp 240w, https:\/\/niposushi.com.br\/beiramar\/wp-content\/uploads\/2023\/09\/MTS2906-Edit_alta.webp 800w\" sizes=\"(max-width: 768px) 100vw, 768px\" \/><\/a>\n\t\t\t<\/div><\/figure><figure class='gallery-item'>\n\t\t\t<div class='gallery-icon portrait'>\n\t\t\t\t<a data-elementor-open-lightbox=\"yes\" data-elementor-lightbox-slideshow=\"cdad5b5\" data-e-action-hash=\"#elementor-action%3Aaction%3Dlightbox%26settings%3DeyJpZCI6MTM4LCJ1cmwiOiJodHRwczpcL1wvbmlwb3N1c2hpLmNvbS5iclwvYmVpcmFtYXJcL3dwLWNvbnRlbnRcL3VwbG9hZHNcLzIwMjNcLzA5XC9NVFMyOTkzLUVkaXRfYWx0YS53ZWJwIiwic2xpZGVzaG93IjoiY2RhZDViNSJ9\" href='https:\/\/niposushi.com.br\/beiramar\/wp-content\/uploads\/2023\/09\/MTS2993-Edit_alta.webp'><img loading=\"lazy\" decoding=\"async\" width=\"768\" height=\"960\" src=\"https:\/\/niposushi.com.br\/beiramar\/wp-content\/uploads\/2023\/09\/MTS2993-Edit_alta-768x960.webp\" class=\"attachment-medium_large size-medium_large\" alt=\"\" srcset=\"https:\/\/niposushi.com.br\/beiramar\/wp-content\/uploads\/2023\/09\/MTS2993-Edit_alta-768x960.webp 768w, https:\/\/niposushi.com.br\/beiramar\/wp-content\/uploads\/2023\/09\/MTS2993-Edit_alta-240x300.webp 240w, https:\/\/niposushi.com.br\/beiramar\/wp-content\/uploads\/2023\/09\/MTS2993-Edit_alta.webp 800w\" sizes=\"(max-width: 768px) 100vw, 768px\" \/><\/a>\n\t\t\t<\/div><\/figure><figure class='gallery-item'>\n\t\t\t<div class='gallery-icon portrait'>\n\t\t\t\t<a data-elementor-open-lightbox=\"yes\" data-elementor-lightbox-slideshow=\"cdad5b5\" data-e-action-hash=\"#elementor-action%3Aaction%3Dlightbox%26settings%3DeyJpZCI6MTM5LCJ1cmwiOiJodHRwczpcL1wvbmlwb3N1c2hpLmNvbS5iclwvYmVpcmFtYXJcL3dwLWNvbnRlbnRcL3VwbG9hZHNcLzIwMjNcLzA5XC9NVFMzMDQ2LUVkaXRfYWx0YS53ZWJwIiwic2xpZGVzaG93IjoiY2RhZDViNSJ9\" href='https:\/\/niposushi.com.br\/beiramar\/wp-content\/uploads\/2023\/09\/MTS3046-Edit_alta.webp'><img loading=\"lazy\" decoding=\"async\" width=\"768\" height=\"960\" src=\"https:\/\/niposushi.com.br\/beiramar\/wp-content\/uploads\/2023\/09\/MTS3046-Edit_alta-768x960.webp\" class=\"attachment-medium_large size-medium_large\" alt=\"\" srcset=\"https:\/\/niposushi.com.br\/beiramar\/wp-content\/uploads\/2023\/09\/MTS3046-Edit_alta-768x960.webp 768w, https:\/\/niposushi.com.br\/beiramar\/wp-content\/uploads\/2023\/09\/MTS3046-Edit_alta-240x300.webp 240w, https:\/\/niposushi.com.br\/beiramar\/wp-content\/uploads\/2023\/09\/MTS3046-Edit_alta.webp 800w\" sizes=\"(max-width: 768px) 100vw, 768px\" \/><\/a>\n\t\t\t<\/div><\/figure><figure class='gallery-item'>\n\t\t\t<div class='gallery-icon portrait'>\n\t\t\t\t<a data-elementor-open-lightbox=\"yes\" data-elementor-lightbox-slideshow=\"cdad5b5\" data-e-action-hash=\"#elementor-action%3Aaction%3Dlightbox%26settings%3DeyJpZCI6MTQwLCJ1cmwiOiJodHRwczpcL1wvbmlwb3N1c2hpLmNvbS5iclwvYmVpcmFtYXJcL3dwLWNvbnRlbnRcL3VwbG9hZHNcLzIwMjNcLzA5XC9NVFMzMDYwLUVkaXRfYWx0YS53ZWJwIiwic2xpZGVzaG93IjoiY2RhZDViNSJ9\" href='https:\/\/niposushi.com.br\/beiramar\/wp-content\/uploads\/2023\/09\/MTS3060-Edit_alta.webp'><img loading=\"lazy\" decoding=\"async\" width=\"768\" height=\"960\" src=\"https:\/\/niposushi.com.br\/beiramar\/wp-content\/uploads\/2023\/09\/MTS3060-Edit_alta-768x960.webp\" class=\"attachment-medium_large size-medium_large\" alt=\"\" srcset=\"https:\/\/niposushi.com.br\/beiramar\/wp-content\/uploads\/2023\/09\/MTS3060-Edit_alta-768x960.webp 768w, https:\/\/niposushi.com.br\/beiramar\/wp-content\/uploads\/2023\/09\/MTS3060-Edit_alta-240x300.webp 240w, https:\/\/niposushi.com.br\/beiramar\/wp-content\/uploads\/2023\/09\/MTS3060-Edit_alta.webp 800w\" sizes=\"(max-width: 768px) 100vw, 768px\" \/><\/a>\n\t\t\t<\/div><\/figure><figure class='gallery-item'>\n\t\t\t<div class='gallery-icon portrait'>\n\t\t\t\t<a data-elementor-open-lightbox=\"yes\" data-elementor-lightbox-slideshow=\"cdad5b5\" data-e-action-hash=\"#elementor-action%3Aaction%3Dlightbox%26settings%3DeyJpZCI6MTQxLCJ1cmwiOiJodHRwczpcL1wvbmlwb3N1c2hpLmNvbS5iclwvYmVpcmFtYXJcL3dwLWNvbnRlbnRcL3VwbG9hZHNcLzIwMjNcLzA5XC9NVFM0NDAyLUVkaXRfYWx0YS53ZWJwIiwic2xpZGVzaG93IjoiY2RhZDViNSJ9\" href='https:\/\/niposushi.com.br\/beiramar\/wp-content\/uploads\/2023\/09\/MTS4402-Edit_alta.webp'><img loading=\"lazy\" decoding=\"async\" width=\"768\" height=\"960\" src=\"https:\/\/niposushi.com.br\/beiramar\/wp-content\/uploads\/2023\/09\/MTS4402-Edit_alta-768x960.webp\" class=\"attachment-medium_large size-medium_large\" alt=\"\" srcset=\"https:\/\/niposushi.com.br\/beiramar\/wp-content\/uploads\/2023\/09\/MTS4402-Edit_alta-768x960.webp 768w, https:\/\/niposushi.com.br\/beiramar\/wp-content\/uploads\/2023\/09\/MTS4402-Edit_alta-240x300.webp 240w, https:\/\/niposushi.com.br\/beiramar\/wp-content\/uploads\/2023\/09\/MTS4402-Edit_alta.webp 800w\" sizes=\"(max-width: 768px) 100vw, 768px\" \/><\/a>\n\t\t\t<\/div><\/figure><figure class='gallery-item'>\n\t\t\t<div class='gallery-icon portrait'>\n\t\t\t\t<a data-elementor-open-lightbox=\"yes\" data-elementor-lightbox-slideshow=\"cdad5b5\" data-e-action-hash=\"#elementor-action%3Aaction%3Dlightbox%26settings%3DeyJpZCI6MTQyLCJ1cmwiOiJodHRwczpcL1wvbmlwb3N1c2hpLmNvbS5iclwvYmVpcmFtYXJcL3dwLWNvbnRlbnRcL3VwbG9hZHNcLzIwMjNcLzA5XC9NVFM0NDE1X2FsdGEud2VicCIsInNsaWRlc2hvdyI6ImNkYWQ1YjUifQ%3D%3D\" href='https:\/\/niposushi.com.br\/beiramar\/wp-content\/uploads\/2023\/09\/MTS4415_alta.webp'><img loading=\"lazy\" decoding=\"async\" width=\"768\" height=\"960\" src=\"https:\/\/niposushi.com.br\/beiramar\/wp-content\/uploads\/2023\/09\/MTS4415_alta-768x960.webp\" class=\"attachment-medium_large size-medium_large\" alt=\"\" srcset=\"https:\/\/niposushi.com.br\/beiramar\/wp-content\/uploads\/2023\/09\/MTS4415_alta-768x960.webp 768w, https:\/\/niposushi.com.br\/beiramar\/wp-content\/uploads\/2023\/09\/MTS4415_alta-240x300.webp 240w, https:\/\/niposushi.com.br\/beiramar\/wp-content\/uploads\/2023\/09\/MTS4415_alta.webp 800w\" sizes=\"(max-width: 768px) 100vw, 768px\" \/><\/a>\n\t\t\t<\/div><\/figure><figure class='gallery-item'>\n\t\t\t<div class='gallery-icon portrait'>\n\t\t\t\t<a data-elementor-open-lightbox=\"yes\" data-elementor-lightbox-slideshow=\"cdad5b5\" data-e-action-hash=\"#elementor-action%3Aaction%3Dlightbox%26settings%3DeyJpZCI6MTQzLCJ1cmwiOiJodHRwczpcL1wvbmlwb3N1c2hpLmNvbS5iclwvYmVpcmFtYXJcL3dwLWNvbnRlbnRcL3VwbG9hZHNcLzIwMjNcLzA5XC9NVFM0NTkzLUVkaXRfYWx0YS53ZWJwIiwic2xpZGVzaG93IjoiY2RhZDViNSJ9\" href='https:\/\/niposushi.com.br\/beiramar\/wp-content\/uploads\/2023\/09\/MTS4593-Edit_alta.webp'><img loading=\"lazy\" decoding=\"async\" width=\"768\" height=\"960\" src=\"https:\/\/niposushi.com.br\/beiramar\/wp-content\/uploads\/2023\/09\/MTS4593-Edit_alta-768x960.webp\" class=\"attachment-medium_large size-medium_large\" alt=\"\" srcset=\"https:\/\/niposushi.com.br\/beiramar\/wp-content\/uploads\/2023\/09\/MTS4593-Edit_alta-768x960.webp 768w, https:\/\/niposushi.com.br\/beiramar\/wp-content\/uploads\/2023\/09\/MTS4593-Edit_alta-240x300.webp 240w, https:\/\/niposushi.com.br\/beiramar\/wp-content\/uploads\/2023\/09\/MTS4593-Edit_alta.webp 800w\" sizes=\"(max-width: 768px) 100vw, 768px\" \/><\/a>\n\t\t\t<\/div><\/figure><figure class='gallery-item'>\n\t\t\t<div class='gallery-icon portrait'>\n\t\t\t\t<a data-elementor-open-lightbox=\"yes\" data-elementor-lightbox-slideshow=\"cdad5b5\" data-e-action-hash=\"#elementor-action%3Aaction%3Dlightbox%26settings%3DeyJpZCI6MTQ3LCJ1cmwiOiJodHRwczpcL1wvbmlwb3N1c2hpLmNvbS5iclwvYmVpcmFtYXJcL3dwLWNvbnRlbnRcL3VwbG9hZHNcLzIwMjNcLzA5XC9OSVBPLTM3MDctMS53ZWJwIiwic2xpZGVzaG93IjoiY2RhZDViNSJ9\" href='https:\/\/niposushi.com.br\/beiramar\/wp-content\/uploads\/2023\/09\/NIPO-3707-1.webp'><img loading=\"lazy\" decoding=\"async\" width=\"768\" height=\"960\" src=\"https:\/\/niposushi.com.br\/beiramar\/wp-content\/uploads\/2023\/09\/NIPO-3707-1-768x960.webp\" class=\"attachment-medium_large size-medium_large\" alt=\"\" srcset=\"https:\/\/niposushi.com.br\/beiramar\/wp-content\/uploads\/2023\/09\/NIPO-3707-1-768x960.webp 768w, https:\/\/niposushi.com.br\/beiramar\/wp-content\/uploads\/2023\/09\/NIPO-3707-1-240x300.webp 240w, https:\/\/niposushi.com.br\/beiramar\/wp-content\/uploads\/2023\/09\/NIPO-3707-1.webp 800w\" sizes=\"(max-width: 768px) 100vw, 768px\" \/><\/a>\n\t\t\t<\/div><\/figure><figure class='gallery-item'>\n\t\t\t<div class='gallery-icon portrait'>\n\t\t\t\t<a data-elementor-open-lightbox=\"yes\" data-elementor-lightbox-slideshow=\"cdad5b5\" data-e-action-hash=\"#elementor-action%3Aaction%3Dlightbox%26settings%3DeyJpZCI6MTQ4LCJ1cmwiOiJodHRwczpcL1wvbmlwb3N1c2hpLmNvbS5iclwvYmVpcmFtYXJcL3dwLWNvbnRlbnRcL3VwbG9hZHNcLzIwMjNcLzA5XC9OSVBPLTM4NDUtMS53ZWJwIiwic2xpZGVzaG93IjoiY2RhZDViNSJ9\" href='https:\/\/niposushi.com.br\/beiramar\/wp-content\/uploads\/2023\/09\/NIPO-3845-1.webp'><img loading=\"lazy\" decoding=\"async\" width=\"768\" height=\"960\" src=\"https:\/\/niposushi.com.br\/beiramar\/wp-content\/uploads\/2023\/09\/NIPO-3845-1-768x960.webp\" class=\"attachment-medium_large size-medium_large\" alt=\"\" srcset=\"https:\/\/niposushi.com.br\/beiramar\/wp-content\/uploads\/2023\/09\/NIPO-3845-1-768x960.webp 768w, https:\/\/niposushi.com.br\/beiramar\/wp-content\/uploads\/2023\/09\/NIPO-3845-1-240x300.webp 240w, https:\/\/niposushi.com.br\/beiramar\/wp-content\/uploads\/2023\/09\/NIPO-3845-1.webp 800w\" sizes=\"(max-width: 768px) 100vw, 768px\" \/><\/a>\n\t\t\t<\/div><\/figure>\n\t\t<\/div>\n\t\t<\/div>\n\t\t\t\t\t\t<\/div>\n\t\t\t\t<\/div>\n\t\t\t\t\t<\/div>\n\t\t\t\t<\/div>\n\t\t\t\t<\/div>\n\t\t","protected":false},"excerpt":{"rendered":"<p>DELIVERY Pe\u00e7a agora o seu sushi predileto! Atendemos a regi\u00e3o central de Florian\u00f3polis.Verifique a disponibilidade de entrega pelo App. Acesse o Ifood<\/p>\n","protected":false},"author":2,"featured_media":0,"parent":0,"menu_order":0,"comment_status":"closed","ping_status":"closed","template":"","meta":{"footnotes":""},"class_list":["post-49","page","type-page","status-publish","hentry"],"_links":{"self":[{"href":"https:\/\/niposushi.com.br\/beiramar\/wp-json\/wp\/v2\/pages\/49","targetHints":{"allow":["GET"]}}],"collection":[{"href":"https:\/\/niposushi.com.br\/beiramar\/wp-json\/wp\/v2\/pages"}],"about":[{"href":"https:\/\/niposushi.com.br\/beiramar\/wp-json\/wp\/v2\/types\/page"}],"author":[{"embeddable":true,"href":"https:\/\/niposushi.com.br\/beiramar\/wp-json\/wp\/v2\/users\/2"}],"replies":[{"embeddable":true,"href":"https:\/\/niposushi.com.br\/beiramar\/wp-json\/wp\/v2\/comments?post=49"}],"version-history":[{"count":43,"href":"https:\/\/niposushi.com.br\/beiramar\/wp-json\/wp\/v2\/pages\/49\/revisions"}],"predecessor-version":[{"id":466,"href":"https:\/\/niposushi.com.br\/beiramar\/wp-json\/wp\/v2\/pages\/49\/revisions\/466"}],"wp:attachment":[{"href":"https:\/\/niposushi.com.br\/beiramar\/wp-json\/wp\/v2\/media?parent=49"}],"curies":[{"name":"wp","href":"https:\/\/api.w.org\/{rel}","templated":true}]}}