{"id":54,"date":"2023-09-14T13:00:44","date_gmt":"2023-09-14T13:00:44","guid":{"rendered":"https:\/\/niposushi.com.br\/beiramar\/?page_id=54"},"modified":"2023-11-16T14:34:56","modified_gmt":"2023-11-16T14:34:56","slug":"reservas","status":"publish","type":"page","link":"https:\/\/niposushi.com.br\/beiramar\/reservas\/","title":{"rendered":"Reservas"},"content":{"rendered":"\t\t<div data-elementor-type=\"wp-page\" data-elementor-id=\"54\" class=\"elementor elementor-54\" data-elementor-post-type=\"page\">\n\t\t\t\t<div class=\"elementor-element elementor-element-b04b2c9 e-con-full e-flex e-con e-parent\" data-id=\"b04b2c9\" data-element_type=\"container\" data-settings=\"{&quot;background_background&quot;:&quot;classic&quot;}\">\n\t\t\t\t<div class=\"elementor-element elementor-element-41b9850 elementor-widget elementor-widget-heading\" data-id=\"41b9850\" data-element_type=\"widget\" data-widget_type=\"heading.default\">\n\t\t\t\t<div class=\"elementor-widget-container\">\n\t\t\t\t\t<h2 class=\"elementor-heading-title elementor-size-default\">RESERVAS<\/h2>\t\t\t\t<\/div>\n\t\t\t\t<\/div>\n\t\t\t\t<\/div>\n\t\t<div class=\"elementor-element elementor-element-b84fd47 e-flex e-con-boxed e-con e-parent\" data-id=\"b84fd47\" data-element_type=\"container\">\n\t\t\t\t\t<div class=\"e-con-inner\">\n\t\t<div class=\"elementor-element elementor-element-e390b35 e-con-full e-flex e-con e-child\" data-id=\"e390b35\" data-element_type=\"container\">\n\t\t\t\t<div class=\"elementor-element elementor-element-4937de2 elementor-widget elementor-widget-text-editor\" data-id=\"4937de2\" data-element_type=\"widget\" data-widget_type=\"text-editor.default\">\n\t\t\t\t<div class=\"elementor-widget-container\">\n\t\t\t\t\t\t\t\t\t<p>O Nip\u00f4 disponibiliza 30% dos lugares para reserva no primeiro hor\u00e1rio de abertura, mas dispomos de 70% dos lugares que poder\u00e3o ser ocupados por ordem de chegada.<\/p><p>Para garantir a reserva \u00e9 necess\u00e1rio que 50% das pessoas estejam presentes.<\/p><p>Sua reserva tem 15 minutos de toler\u00e2ncia.<\/p><p>Ao efetuar a reserva, voc\u00ea automaticamente concorda com as regras acima.<\/p>\t\t\t\t\t\t\t\t<\/div>\n\t\t\t\t<\/div>\n\t\t\t\t<\/div>\n\t\t<div class=\"elementor-element elementor-element-55b053f e-con-full e-flex e-con e-child\" data-id=\"55b053f\" data-element_type=\"container\">\n\t\t\t\t<div class=\"elementor-element elementor-element-c53e55b elementor-widget elementor-widget-html\" data-id=\"c53e55b\" data-element_type=\"widget\" data-widget_type=\"html.default\">\n\t\t\t\t<div class=\"elementor-widget-container\">\n\t\t\t\t\t<iframe src=\" https:\/\/reservation-widget.tagme.com.br\/smartlink\/60e8a65031f1284014ebb4c0 \" frameBorder=\"0\" scrolling=\"auto\" width=\"320\" height=\"694\">\r\nDesculpe o seu navegador n\u00e3o suporta iframes.\r\n<\/iframe>\t\t\t\t<\/div>\n\t\t\t\t<\/div>\n\t\t\t\t<\/div>\n\t\t\t\t\t<\/div>\n\t\t\t\t<\/div>\n\t\t\t\t<\/div>\n\t\t","protected":false},"excerpt":{"rendered":"<p>RESERVAS O Nip\u00f4 disponibiliza 30% dos lugares para reserva no primeiro hor\u00e1rio de abertura, mas dispomos de 70% dos lugares que poder\u00e3o ser ocupados por ordem de chegada. Para garantir a reserva \u00e9 necess\u00e1rio que 50% das pessoas estejam presentes. Sua reserva tem 15 minutos de toler\u00e2ncia. Ao efetuar a reserva, voc\u00ea automaticamente concorda com [&hellip;]<\/p>\n","protected":false},"author":2,"featured_media":0,"parent":0,"menu_order":0,"comment_status":"closed","ping_status":"closed","template":"","meta":{"footnotes":""},"class_list":["post-54","page","type-page","status-publish","hentry"],"_links":{"self":[{"href":"https:\/\/niposushi.com.br\/beiramar\/wp-json\/wp\/v2\/pages\/54","targetHints":{"allow":["GET"]}}],"collection":[{"href":"https:\/\/niposushi.com.br\/beiramar\/wp-json\/wp\/v2\/pages"}],"about":[{"href":"https:\/\/niposushi.com.br\/beiramar\/wp-json\/wp\/v2\/types\/page"}],"author":[{"embeddable":true,"href":"https:\/\/niposushi.com.br\/beiramar\/wp-json\/wp\/v2\/users\/2"}],"replies":[{"embeddable":true,"href":"https:\/\/niposushi.com.br\/beiramar\/wp-json\/wp\/v2\/comments?post=54"}],"version-history":[{"count":13,"href":"https:\/\/niposushi.com.br\/beiramar\/wp-json\/wp\/v2\/pages\/54\/revisions"}],"predecessor-version":[{"id":460,"href":"https:\/\/niposushi.com.br\/beiramar\/wp-json\/wp\/v2\/pages\/54\/revisions\/460"}],"wp:attachment":[{"href":"https:\/\/niposushi.com.br\/beiramar\/wp-json\/wp\/v2\/media?parent=54"}],"curies":[{"name":"wp","href":"https:\/\/api.w.org\/{rel}","templated":true}]}}